{"id":1196,"date":"2022-01-26T16:20:24","date_gmt":"2022-01-26T16:20:24","guid":{"rendered":"https:\/\/khachsanminhchauquanlankhaimai.com\/?page_id=1196"},"modified":"2022-06-14T17:27:51","modified_gmt":"2022-06-14T17:27:51","slug":"discover","status":"publish","type":"page","link":"https:\/\/khaimaitravel.com\/index.php\/discover\/","title":{"rendered":"DISCOVER"},"content":{"rendered":"\n\t<section class=\"section\" id=\"section_1030069170\">\n\t\t<div class=\"section-bg fill\" >\n\t\t\t\t\t\t\t\t\t\n\t\t\t\n\n\t\t<\/div>\n\n\t\t\n\n\t\t<div class=\"section-content relative\">\n\t\t\t\n<h1 style=\"text-align: center;\"><span style=\"font-size: 130%;\">DISCOVER<\/span><\/h1>\n\n\t\t<div class=\"icon-box featured-box icon-box-center text-center\"  >\n\t\t\t\t\t<div class=\"icon-box-img\" style=\"width: 300px\">\n\t\t\t\t<div class=\"icon\">\n\t\t\t\t\t<div class=\"icon-inner\" >\n\t\t\t\t\t\t<img loading=\"lazy\" decoding=\"async\" width=\"270\" height=\"35\" src=\"https:\/\/khaimaitravel.com\/wp-content\/uploads\/2020\/10\/line1.png\" class=\"attachment-medium size-medium\" alt=\"\" \/>\t\t\t\t\t<\/div>\n\t\t\t\t<\/div>\n\t\t\t<\/div>\n\t\t\t\t<div class=\"icon-box-text last-reset\">\n\t\t\t\t\t\t\t\t\t\n\t\t<\/div>\n\t<\/div>\n\t\n\t\n\t<div id=\"gap-1593058350\" class=\"gap-element clearfix\" style=\"display:block; height:auto;\">\n\t\t\n<style>\n#gap-1593058350 {\n  padding-top: 60px;\n}\n<\/style>\n\t<\/div>\n\t\n<div class=\"row row-collapse align-middle row-box-shadow-4\"  id=\"row-2113138645\">\n\n\t<div id=\"col-1283097816\" class=\"col medium-6 small-12 large-6\"  >\n\t\t\t\t<div class=\"col-inner\"  >\n\t\t\t\n\t\t\t\n\t<div class=\"box has-hover   has-hover box-text-bottom\" >\n\n\t\t<div class=\"box-image\" >\n\t\t\t\t\t\t<div class=\"image-zoom image-cover\" style=\"padding-top:56.25%;\">\n\t\t\t\t<img loading=\"lazy\" decoding=\"async\" width=\"2000\" height=\"1251\" src=\"https:\/\/khaimaitravel.com\/wp-content\/uploads\/2022\/03\/dao-minh-chau.jpeg\" class=\"attachment- size-\" alt=\"\" srcset=\"https:\/\/khaimaitravel.com\/wp-content\/uploads\/2022\/03\/dao-minh-chau.jpeg 2000w, https:\/\/khaimaitravel.com\/wp-content\/uploads\/2022\/03\/dao-minh-chau-300x188.jpeg 300w, https:\/\/khaimaitravel.com\/wp-content\/uploads\/2022\/03\/dao-minh-chau-1024x641.jpeg 1024w, https:\/\/khaimaitravel.com\/wp-content\/uploads\/2022\/03\/dao-minh-chau-768x480.jpeg 768w, https:\/\/khaimaitravel.com\/wp-content\/uploads\/2022\/03\/dao-minh-chau-1536x961.jpeg 1536w\" sizes=\"(max-width: 2000px) 100vw, 2000px\" \/>\t\t\t\t\t\t\t\t\t\t\t<\/div>\n\t\t\t\t\t<\/div>\n\n\t\t<div class=\"box-text text-center\" >\n\t\t\t<div class=\"box-text-inner\">\n\t\t\t\t\n<p><span style=\"font-size: 150%; color: #f0d37f;\"><strong>KH\u00c1M PH\u00c1 DU L\u1ecaCH<\/strong><\/span><\/p>\n<p><span style=\"color: #ffffff; font-size: 120%;\"><em>\u0110\u1ea3o ng\u1ecdc Minh Ch\u00e2u &#8211; Quan L\u1ea1n<\/em><\/span><\/p>\n\t\t\t<\/div>\n\t\t<\/div>\n\t<\/div>\n\t\n\t\t<\/div>\n\t\t\t\t\t<\/div>\n\n\t\n\n\t<div id=\"col-588072198\" class=\"col medium-6 small-12 large-6\"  >\n\t\t\t\t<div class=\"col-inner\"  >\n\t\t\t\n\t\t\t\n<p style=\"padding-left: 40px;\"><span style=\"font-size: 150%; color: #f0d37f;\"><strong>KH\u00c1M PH\u00c1 DU L\u1ecaCH<\/strong><\/span><\/p>\n<p style=\"padding-left: 40px;\"><span style=\"font-size: 110%; color: #ffffff;\">\u2022 Gi\u1edbi thi\u1ec7u v\u1ec1 \u0111\u1ea3o ng\u1ecdc.<\/span><\/p>\n<p style=\"padding-left: 40px;\"><span style=\"font-size: 110%; color: #ffffff;\">\u2022 \u0110\u1ecba \u0111i\u1ec3m vui ch\u01a1i, s\u1ed1ng \u1ea3o \u1edf Minh Ch\u00e2u \u2013 Quan L\u1ea1n.<\/span><\/p>\n<p style=\"padding-left: 40px;\"><span style=\"font-size: 110%; color: #ffffff;\">\u2022 Chia s\u1ebb kinh nghi\u1ec7m du l\u1ecbch t\u1ea1i \u0111\u1ea3o ng\u1ecdc.<\/span><\/p>\n<p style=\"padding-left: 40px;\"><span style=\"font-size: 110%; color: #ffffff;\">\u2022 T\u1ea1i sao l\u1ea1i g\u1ecdi l\u00e0 \u0111\u1ea3o Minh Ch\u00e2u \u2013 Quan L\u1ea1n ?<\/span><\/p>\n<a href=\"https:\/\/khaimaitravel.com\/index.php\/category\/discover\/du-lich-quan-lan\/\" class=\"button primary is-gloss is-large box-shadow-4\"  >\n\t\t<span>chi ti\u1ebft<\/span>\n\t<i class=\"icon-angle-right\" aria-hidden=\"true\" ><\/i><\/a>\n\n\t\t<\/div>\n\t\t\t\t\t<\/div>\n\n\t\n\n<style>\n#row-2113138645 > .col > .col-inner {\n  background-color: rgb(10, 75, 99);\n}\n<\/style>\n<\/div>\n\t<div id=\"gap-662541927\" class=\"gap-element clearfix\" style=\"display:block; height:auto;\">\n\t\t\n<style>\n#gap-662541927 {\n  padding-top: 60px;\n}\n<\/style>\n\t<\/div>\n\t\n<div class=\"row row-collapse align-middle row-box-shadow-4\"  id=\"row-919139941\">\n\n\t<div id=\"col-385151028\" class=\"col medium-6 small-12 large-6\"  >\n\t\t\t\t<div class=\"col-inner\"  >\n\t\t\t\n\t\t\t\n\t<div class=\"box has-hover   has-hover box-text-bottom\" >\n\n\t\t<div class=\"box-image\" >\n\t\t\t\t\t\t<div class=\"image-zoom image-cover\" style=\"padding-top:56.25%;\">\n\t\t\t\t<img loading=\"lazy\" decoding=\"async\" width=\"700\" height=\"500\" src=\"https:\/\/khaimaitravel.com\/wp-content\/uploads\/2022\/03\/sa-sung-3-.jpeg\" class=\"attachment- size-\" alt=\"\" srcset=\"https:\/\/khaimaitravel.com\/wp-content\/uploads\/2022\/03\/sa-sung-3-.jpeg 700w, https:\/\/khaimaitravel.com\/wp-content\/uploads\/2022\/03\/sa-sung-3--300x214.jpeg 300w\" sizes=\"(max-width: 700px) 100vw, 700px\" \/>\t\t\t\t\t\t\t\t\t\t\t<\/div>\n\t\t\t\t\t<\/div>\n\n\t\t<div class=\"box-text text-center\" >\n\t\t\t<div class=\"box-text-inner\">\n\t\t\t\t\n<p><strong><span style=\"font-size: 150%; color: #f0d37f;\">KH\u00c1M PH\u00c1 \u1ea8M TH\u1ef0C<\/span><\/strong><\/p>\n<p><span style=\"color: #ffffff;\"><em><span style=\"font-size: 120%;\">\u0110\u1eb7c s\u1ea3n Minh Ch\u00e2u &#8211; Quan L\u1ea1n<\/span><\/em><\/span><\/p>\n\t\t\t<\/div>\n\t\t<\/div>\n\t<\/div>\n\t\n\t\t<\/div>\n\t\t\t\t\t<\/div>\n\n\t\n\n\t<div id=\"col-266258803\" class=\"col medium-6 small-12 large-6\"  >\n\t\t\t\t<div class=\"col-inner\"  >\n\t\t\t\n\t\t\t\n<p style=\"padding-left: 40px;\"><span style=\"font-size: 150%; color: #f0d37f;\"><strong>KH\u00c1M PH\u00c1 \u1ea8M TH\u1ef0C<\/strong><\/span><\/p>\n<p style=\"padding-left: 40px;\"><span style=\"font-size: 120%; color: #ffffff;\">\u2022 \u0110\u1eb7c s\u1ea3n Minh Ch\u00e2u \u2013 Quan L\u1ea1n l\u00e0 g\u00ec ?<\/span><\/p>\n<p style=\"padding-left: 40px;\"><span style=\"font-size: 120%; color: #ffffff;\">\u2022 Nh\u00e0 h\u00e0ng n\u00e0o n\u1ea5u \u0103n ngon \u2013 b\u1ed5 \u2013 r\u1ebb \u1edf tr\u00ean \u0111\u1ea3o ?<\/span><\/p>\n<p style=\"padding-left: 40px;\"><span style=\"font-size: 120%; color: #ffffff;\">\u2022 Nh\u1eefng m\u00f3n \u0103n b\u1ed5 d\u01b0\u1ee1ng cho s\u1ee9c kh\u1ecfe.<\/span><\/p>\n<a href=\"https:\/\/khaimaitravel.com\/index.php\/category\/discover\/am-thuc-dao-ngoc\/\" class=\"button primary is-gloss is-large box-shadow-4\"  >\n\t\t<span>chi ti\u1ebft<\/span>\n\t<i class=\"icon-angle-right\" aria-hidden=\"true\" ><\/i><\/a>\n\n\t\t<\/div>\n\t\t\t\t\t<\/div>\n\n\t\n\n<style>\n#row-919139941 > .col > .col-inner {\n  background-color: rgb(10, 75, 99);\n}\n<\/style>\n<\/div>\n\t\t<\/div>\n\n\t\t\n<style>\n#section_1030069170 {\n  padding-top: 30px;\n  padding-bottom: 30px;\n  background-color: rgba(214, 203, 173, 0.1);\n}\n<\/style>\n\t<\/section>\n\t\n","protected":false},"excerpt":{"rendered":"","protected":false},"author":1,"featured_media":1871,"parent":0,"menu_order":0,"comment_status":"closed","ping_status":"closed","template":"page-blank.php","meta":{"footnotes":""},"_links":{"self":[{"href":"https:\/\/khaimaitravel.com\/index.php\/wp-json\/wp\/v2\/pages\/1196"}],"collection":[{"href":"https:\/\/khaimaitravel.com\/index.php\/wp-json\/wp\/v2\/pages"}],"about":[{"href":"https:\/\/khaimaitravel.com\/index.php\/wp-json\/wp\/v2\/types\/page"}],"author":[{"embeddable":true,"href":"https:\/\/khaimaitravel.com\/index.php\/wp-json\/wp\/v2\/users\/1"}],"replies":[{"embeddable":true,"href":"https:\/\/khaimaitravel.com\/index.php\/wp-json\/wp\/v2\/comments?post=1196"}],"version-history":[{"count":26,"href":"https:\/\/khaimaitravel.com\/index.php\/wp-json\/wp\/v2\/pages\/1196\/revisions"}],"predecessor-version":[{"id":2042,"href":"https:\/\/khaimaitravel.com\/index.php\/wp-json\/wp\/v2\/pages\/1196\/revisions\/2042"}],"wp:featuredmedia":[{"embeddable":true,"href":"https:\/\/khaimaitravel.com\/index.php\/wp-json\/wp\/v2\/media\/1871"}],"wp:attachment":[{"href":"https:\/\/khaimaitravel.com\/index.php\/wp-json\/wp\/v2\/media?parent=1196"}],"curies":[{"name":"wp","href":"https:\/\/api.w.org\/{rel}","templated":true}]}}