{"id":1162,"date":"2022-01-25T17:25:08","date_gmt":"2022-01-25T17:25:08","guid":{"rendered":"https:\/\/khachsanminhchauquanlankhaimai.com\/?page_id=1162"},"modified":"2025-04-02T13:20:06","modified_gmt":"2025-04-02T13:20:06","slug":"nha-hang-2","status":"publish","type":"page","link":"https:\/\/khaimaitravel.com\/index.php\/nha-hang-2\/","title":{"rendered":"RESTAURANT"},"content":{"rendered":"\n\t<section class=\"section\" id=\"section_460823916\">\n\t\t<div class=\"section-bg fill\" >\n\t\t\t\t\t\t\t\t\t\n\t\t\t\n\n\t\t<\/div>\n\n\t\t\n\n\t\t<div class=\"section-content relative\">\n\t\t\t\n<h1 style=\"text-align: center;\"><span style=\"font-size: 130%;\">KH\u1ea2I MAI RESTAURANT<\/span><\/h1>\n\n\t\t<div class=\"icon-box featured-box icon-box-center text-center\"  >\n\t\t\t\t\t<div class=\"icon-box-img\" style=\"width: 300px\">\n\t\t\t\t<div class=\"icon\">\n\t\t\t\t\t<div class=\"icon-inner\" >\n\t\t\t\t\t\t<img loading=\"lazy\" decoding=\"async\" width=\"270\" height=\"35\" src=\"https:\/\/khaimaitravel.com\/wp-content\/uploads\/2020\/10\/line1.png\" class=\"attachment-medium size-medium\" alt=\"\" \/>\t\t\t\t\t<\/div>\n\t\t\t\t<\/div>\n\t\t\t<\/div>\n\t\t\t\t<div class=\"icon-box-text last-reset\">\n\t\t\t\t\t\t\t\t\t\n\t\t<\/div>\n\t<\/div>\n\t\n\t\n\t\t<\/div>\n\n\t\t\n<style>\n#section_460823916 {\n  padding-top: 30px;\n  padding-bottom: 30px;\n  background-color: rgba(214, 203, 173, 0.1);\n}\n<\/style>\n\t<\/section>\n\t\n\n\t<section class=\"section\" id=\"section_1296364823\">\n\t\t<div class=\"section-bg fill\" >\n\t\t\t\t\t\t\t\t\t\n\t\t\t\n\n\t\t<\/div>\n\n\t\t\n\n\t\t<div class=\"section-content relative\">\n\t\t\t\n<div class=\"row row-collapse align-middle row-box-shadow-4\"  id=\"row-1817765210\">\n\n\t<div id=\"col-559373625\" class=\"col medium-6 small-12 large-6\"  >\n\t\t\t\t<div class=\"col-inner\"  >\n\t\t\t\n\t\t\t\n<div class=\"slider-wrapper relative\" id=\"slider-1557512104\" >\n    <div class=\"slider slider-nav-circle slider-nav-large slider-nav-light slider-style-normal\"\n        data-flickity-options='{\n            \"cellAlign\": \"center\",\n            \"imagesLoaded\": true,\n            \"lazyLoad\": 1,\n            \"freeScroll\": false,\n            \"wrapAround\": true,\n            \"autoPlay\": 6000,\n            \"pauseAutoPlayOnHover\" : true,\n            \"prevNextButtons\": true,\n            \"contain\" : true,\n            \"adaptiveHeight\" : true,\n            \"dragThreshold\" : 10,\n            \"percentPosition\": true,\n            \"pageDots\": true,\n            \"rightToLeft\": false,\n            \"draggable\": true,\n            \"selectedAttraction\": 0.1,\n            \"parallax\" : 0,\n            \"friction\": 0.6        }'\n        >\n        \n\t<div class=\"img has-hover x md-x lg-x y md-y lg-y\" id=\"image_498139676\">\n\t\t\t\t\t\t\t\t<div class=\"img-inner image-zoom image-cover dark\" style=\"padding-top:50%;\">\n\t\t\t<img loading=\"lazy\" decoding=\"async\" width=\"2560\" height=\"1920\" src=\"https:\/\/khaimaitravel.com\/wp-content\/uploads\/2025\/04\/z6463973477607_7fb030e92ebfb9578129b1168f7ec765-scaled.jpg\" class=\"attachment-original size-original\" alt=\"\" srcset=\"https:\/\/khaimaitravel.com\/wp-content\/uploads\/2025\/04\/z6463973477607_7fb030e92ebfb9578129b1168f7ec765-scaled.jpg 2560w, https:\/\/khaimaitravel.com\/wp-content\/uploads\/2025\/04\/z6463973477607_7fb030e92ebfb9578129b1168f7ec765-300x225.jpg 300w, https:\/\/khaimaitravel.com\/wp-content\/uploads\/2025\/04\/z6463973477607_7fb030e92ebfb9578129b1168f7ec765-1024x768.jpg 1024w, https:\/\/khaimaitravel.com\/wp-content\/uploads\/2025\/04\/z6463973477607_7fb030e92ebfb9578129b1168f7ec765-768x576.jpg 768w, https:\/\/khaimaitravel.com\/wp-content\/uploads\/2025\/04\/z6463973477607_7fb030e92ebfb9578129b1168f7ec765-1536x1152.jpg 1536w, https:\/\/khaimaitravel.com\/wp-content\/uploads\/2025\/04\/z6463973477607_7fb030e92ebfb9578129b1168f7ec765-2048x1536.jpg 2048w\" sizes=\"(max-width: 2560px) 100vw, 2560px\" \/>\t\t\t\t\t\t\n\t\t\t\t\t<\/div>\n\t\t\t\t\t\t\t\t\n<style>\n#image_498139676 {\n  width: 100%;\n}\n<\/style>\n\t<\/div>\n\t\n\t<div class=\"img has-hover x md-x lg-x y md-y lg-y\" id=\"image_799739709\">\n\t\t\t\t\t\t\t\t<div class=\"img-inner image-zoom image-cover dark\" style=\"padding-top:50%;\">\n\t\t\t<img loading=\"lazy\" decoding=\"async\" width=\"1020\" height=\"765\" src=\"https:\/\/khaimaitravel.com\/wp-content\/uploads\/2022\/01\/IMG-9051-1024x768.jpg\" class=\"attachment-large size-large\" alt=\"\" srcset=\"https:\/\/khaimaitravel.com\/wp-content\/uploads\/2022\/01\/IMG-9051-1024x768.jpg 1024w, https:\/\/khaimaitravel.com\/wp-content\/uploads\/2022\/01\/IMG-9051-300x225.jpg 300w, https:\/\/khaimaitravel.com\/wp-content\/uploads\/2022\/01\/IMG-9051-768x576.jpg 768w, https:\/\/khaimaitravel.com\/wp-content\/uploads\/2022\/01\/IMG-9051-1536x1152.jpg 1536w, https:\/\/khaimaitravel.com\/wp-content\/uploads\/2022\/01\/IMG-9051-2048x1536.jpg 2048w\" sizes=\"(max-width: 1020px) 100vw, 1020px\" \/>\t\t\t\t\t\t\n\t\t\t\t\t<\/div>\n\t\t\t\t\t\t\t\t\n<style>\n#image_799739709 {\n  width: 100%;\n}\n<\/style>\n\t<\/div>\n\t\n\t<div class=\"img has-hover x md-x lg-x y md-y lg-y\" id=\"image_1175820757\">\n\t\t\t\t\t\t\t\t<div class=\"img-inner image-zoom image-cover dark\" style=\"padding-top:50%;\">\n\t\t\t<img loading=\"lazy\" decoding=\"async\" width=\"1020\" height=\"765\" src=\"https:\/\/khaimaitravel.com\/wp-content\/uploads\/2023\/05\/z4336187674642_003_64f2ea0b73a5514a2b4cd2fdc58199ff-1024x768.jpg\" class=\"attachment-large size-large\" alt=\"\" srcset=\"https:\/\/khaimaitravel.com\/wp-content\/uploads\/2023\/05\/z4336187674642_003_64f2ea0b73a5514a2b4cd2fdc58199ff-1024x768.jpg 1024w, https:\/\/khaimaitravel.com\/wp-content\/uploads\/2023\/05\/z4336187674642_003_64f2ea0b73a5514a2b4cd2fdc58199ff-300x225.jpg 300w, https:\/\/khaimaitravel.com\/wp-content\/uploads\/2023\/05\/z4336187674642_003_64f2ea0b73a5514a2b4cd2fdc58199ff-768x576.jpg 768w, https:\/\/khaimaitravel.com\/wp-content\/uploads\/2023\/05\/z4336187674642_003_64f2ea0b73a5514a2b4cd2fdc58199ff.jpg 1500w\" sizes=\"(max-width: 1020px) 100vw, 1020px\" \/>\t\t\t\t\t\t\n\t\t\t\t\t<\/div>\n\t\t\t\t\t\t\t\t\n<style>\n#image_1175820757 {\n  width: 100%;\n}\n<\/style>\n\t<\/div>\n\t\n     <\/div>\n\n     <div class=\"loading-spin dark large centered\"><\/div>\n\n\t<\/div>\n\n\n\t\t<\/div>\n\t\t\t\t\t<\/div>\n\n\t\n\n\t<div id=\"col-1256765597\" class=\"col medium-6 small-12 large-6\"  >\n\t\t\t\t<div class=\"col-inner\"  >\n\t\t\t\n\t\t\t\n<p style=\"padding-left: 40px;\"><span style=\"color: #f0d37f; font-size: 150%;\"><strong>NH\u00c0 H\u00c0NG T\u1ea0I KH\u00c1CH S\u1ea0N<\/strong><\/span><\/p>\n<p style=\"padding-left: 40px;\"><span style=\"color: #ffffff;\"><strong>\u2022 Ph\u1ee5c v\u1ee5 ch\u00ednh :<\/strong><\/span><\/p>\n<p style=\"padding-left: 80px;\"><span style=\"color: #ffffff;\">\u00bb T\u1ed5 ch\u1ee9c li\u00ean hoan : Gala Diner , s\u1ef1 ki\u1ec7n, ti\u1ec7c sinh nh\u1eadt.<\/span><\/p>\n<p style=\"padding-left: 80px;\"><span style=\"color: #ffffff;\">\u00bb T\u1ed5 ch\u1ee9c \u0103n u\u1ed1ng\u00a0 : C\u00e1 nh\u00e2n, gia \u0111\u00ecnh, \u0111o\u00e0n th\u1ec3, c\u00f4ng ty.<\/span><\/p>\n<p style=\"padding-left: 40px;\"><span style=\"color: #ffffff;\"><strong>\u2022 S\u1ed1 b\u00e0n t\u1ed1i \u0111a :<\/strong> 30 b\u00e0n.<\/span><\/p>\n<p>&nbsp;<\/p>\n<p>&nbsp;<\/p>\n<a href=\"tel:0366133198\" class=\"button primary is-gloss is-large box-shadow-4\"  style=\"padding:0px 6px 0px 8px;\">\n\t<i class=\"icon-phone\" aria-hidden=\"true\" ><\/i>\t<span>Li\u00ean H\u1ec7..<\/span>\n\t<\/a>\n\n\t\t<\/div>\n\t\t\t\t\t<\/div>\n\n\t\n\n<style>\n#row-1817765210 > .col > .col-inner {\n  background-color: rgb(10, 75, 99);\n}\n<\/style>\n<\/div>\n\t<div id=\"gap-2016385962\" class=\"gap-element clearfix\" style=\"display:block; height:auto;\">\n\t\t\n<style>\n#gap-2016385962 {\n  padding-top: 43px;\n}\n<\/style>\n\t<\/div>\n\t\n<div class=\"row row-collapse align-middle row-box-shadow-4\"  id=\"row-92308383\">\n\n\t<div id=\"col-255971859\" class=\"col medium-6 small-12 large-6\"  >\n\t\t\t\t<div class=\"col-inner\"  >\n\t\t\t\n\t\t\t\n<div class=\"slider-wrapper relative\" id=\"slider-1383173529\" >\n    <div class=\"slider slider-nav-circle slider-nav-large slider-nav-light slider-style-normal\"\n        data-flickity-options='{\n            \"cellAlign\": \"center\",\n            \"imagesLoaded\": true,\n            \"lazyLoad\": 1,\n            \"freeScroll\": false,\n            \"wrapAround\": true,\n            \"autoPlay\": 2000,\n            \"pauseAutoPlayOnHover\" : true,\n            \"prevNextButtons\": true,\n            \"contain\" : true,\n            \"adaptiveHeight\" : true,\n            \"dragThreshold\" : 10,\n            \"percentPosition\": true,\n            \"pageDots\": true,\n            \"rightToLeft\": false,\n            \"draggable\": true,\n            \"selectedAttraction\": 0.1,\n            \"parallax\" : 0,\n            \"friction\": 0.6        }'\n        >\n        \n\t<div class=\"img has-hover x md-x lg-x y md-y lg-y\" id=\"image_897615028\">\n\t\t\t\t\t\t\t\t<div class=\"img-inner image-zoom image-cover dark\" style=\"padding-top:50%;\">\n\t\t\t<img loading=\"lazy\" decoding=\"async\" width=\"1020\" height=\"765\" src=\"https:\/\/khaimaitravel.com\/wp-content\/uploads\/2025\/04\/z6465218202504_ae471abe5eed0abeb85c2cbd6ccdbecd-1024x768.jpg\" class=\"attachment-large size-large\" alt=\"\" srcset=\"https:\/\/khaimaitravel.com\/wp-content\/uploads\/2025\/04\/z6465218202504_ae471abe5eed0abeb85c2cbd6ccdbecd-1024x768.jpg 1024w, https:\/\/khaimaitravel.com\/wp-content\/uploads\/2025\/04\/z6465218202504_ae471abe5eed0abeb85c2cbd6ccdbecd-300x225.jpg 300w, https:\/\/khaimaitravel.com\/wp-content\/uploads\/2025\/04\/z6465218202504_ae471abe5eed0abeb85c2cbd6ccdbecd-768x576.jpg 768w, https:\/\/khaimaitravel.com\/wp-content\/uploads\/2025\/04\/z6465218202504_ae471abe5eed0abeb85c2cbd6ccdbecd-1536x1152.jpg 1536w, https:\/\/khaimaitravel.com\/wp-content\/uploads\/2025\/04\/z6465218202504_ae471abe5eed0abeb85c2cbd6ccdbecd.jpg 2048w\" sizes=\"(max-width: 1020px) 100vw, 1020px\" \/>\t\t\t\t\t\t\n\t\t\t\t\t<\/div>\n\t\t\t\t\t\t\t\t\n<style>\n#image_897615028 {\n  width: 100%;\n}\n<\/style>\n\t<\/div>\n\t\n\t<div class=\"img has-hover x md-x lg-x y md-y lg-y\" id=\"image_646692407\">\n\t\t\t\t\t\t\t\t<div class=\"img-inner image-zoom image-cover dark\" style=\"padding-top:50%;\">\n\t\t\t<img loading=\"lazy\" decoding=\"async\" width=\"1020\" height=\"680\" src=\"https:\/\/khaimaitravel.com\/wp-content\/uploads\/2025\/04\/z6465218173235_e9776e70a4f00330ec756f2702ab472b-1024x683.jpg\" class=\"attachment-large size-large\" alt=\"\" srcset=\"https:\/\/khaimaitravel.com\/wp-content\/uploads\/2025\/04\/z6465218173235_e9776e70a4f00330ec756f2702ab472b-1024x683.jpg 1024w, https:\/\/khaimaitravel.com\/wp-content\/uploads\/2025\/04\/z6465218173235_e9776e70a4f00330ec756f2702ab472b-300x200.jpg 300w, https:\/\/khaimaitravel.com\/wp-content\/uploads\/2025\/04\/z6465218173235_e9776e70a4f00330ec756f2702ab472b-768x512.jpg 768w, https:\/\/khaimaitravel.com\/wp-content\/uploads\/2025\/04\/z6465218173235_e9776e70a4f00330ec756f2702ab472b-1536x1025.jpg 1536w, https:\/\/khaimaitravel.com\/wp-content\/uploads\/2025\/04\/z6465218173235_e9776e70a4f00330ec756f2702ab472b.jpg 2048w\" sizes=\"(max-width: 1020px) 100vw, 1020px\" \/>\t\t\t\t\t\t\n\t\t\t\t\t<\/div>\n\t\t\t\t\t\t\t\t\n<style>\n#image_646692407 {\n  width: 100%;\n}\n<\/style>\n\t<\/div>\n\t\n\t<div class=\"img has-hover x md-x lg-x y md-y lg-y\" id=\"image_117950178\">\n\t\t\t\t\t\t\t\t<div class=\"img-inner image-zoom image-cover dark\" style=\"padding-top:50%;\">\n\t\t\t<img loading=\"lazy\" decoding=\"async\" width=\"1020\" height=\"680\" src=\"https:\/\/khaimaitravel.com\/wp-content\/uploads\/2025\/04\/z6465218159619_332a0f00c811097e3e573eaa6be1c832-1024x683.jpg\" class=\"attachment-large size-large\" alt=\"\" srcset=\"https:\/\/khaimaitravel.com\/wp-content\/uploads\/2025\/04\/z6465218159619_332a0f00c811097e3e573eaa6be1c832-1024x683.jpg 1024w, https:\/\/khaimaitravel.com\/wp-content\/uploads\/2025\/04\/z6465218159619_332a0f00c811097e3e573eaa6be1c832-300x200.jpg 300w, https:\/\/khaimaitravel.com\/wp-content\/uploads\/2025\/04\/z6465218159619_332a0f00c811097e3e573eaa6be1c832-768x512.jpg 768w, https:\/\/khaimaitravel.com\/wp-content\/uploads\/2025\/04\/z6465218159619_332a0f00c811097e3e573eaa6be1c832-1536x1025.jpg 1536w, https:\/\/khaimaitravel.com\/wp-content\/uploads\/2025\/04\/z6465218159619_332a0f00c811097e3e573eaa6be1c832.jpg 2048w\" sizes=\"(max-width: 1020px) 100vw, 1020px\" \/>\t\t\t\t\t\t\n\t\t\t\t\t<\/div>\n\t\t\t\t\t\t\t\t\n<style>\n#image_117950178 {\n  width: 100%;\n}\n<\/style>\n\t<\/div>\n\t\n\t<div class=\"img has-hover x md-x lg-x y md-y lg-y\" id=\"image_639349568\">\n\t\t\t\t\t\t\t\t<div class=\"img-inner image-zoom image-cover dark\" style=\"padding-top:50%;\">\n\t\t\t<img loading=\"lazy\" decoding=\"async\" width=\"1020\" height=\"765\" src=\"https:\/\/khaimaitravel.com\/wp-content\/uploads\/2025\/04\/z6465218209320_24ac17de53d770803b542435f3b92676-1024x768.jpg\" class=\"attachment-large size-large\" alt=\"\" srcset=\"https:\/\/khaimaitravel.com\/wp-content\/uploads\/2025\/04\/z6465218209320_24ac17de53d770803b542435f3b92676-1024x768.jpg 1024w, https:\/\/khaimaitravel.com\/wp-content\/uploads\/2025\/04\/z6465218209320_24ac17de53d770803b542435f3b92676-300x225.jpg 300w, https:\/\/khaimaitravel.com\/wp-content\/uploads\/2025\/04\/z6465218209320_24ac17de53d770803b542435f3b92676-768x576.jpg 768w, https:\/\/khaimaitravel.com\/wp-content\/uploads\/2025\/04\/z6465218209320_24ac17de53d770803b542435f3b92676-1536x1152.jpg 1536w, https:\/\/khaimaitravel.com\/wp-content\/uploads\/2025\/04\/z6465218209320_24ac17de53d770803b542435f3b92676.jpg 2048w\" sizes=\"(max-width: 1020px) 100vw, 1020px\" \/>\t\t\t\t\t\t\n\t\t\t\t\t<\/div>\n\t\t\t\t\t\t\t\t\n<style>\n#image_639349568 {\n  width: 100%;\n}\n<\/style>\n\t<\/div>\n\t\n\t<div class=\"img has-hover x md-x lg-x y md-y lg-y\" id=\"image_2054972842\">\n\t\t\t\t\t\t\t\t<div class=\"img-inner image-zoom image-cover dark\" style=\"padding-top:50%;\">\n\t\t\t<img loading=\"lazy\" decoding=\"async\" width=\"768\" height=\"1024\" src=\"https:\/\/khaimaitravel.com\/wp-content\/uploads\/2025\/04\/z6465218181436_f445e1cf52617f96c5bc94e3219517e2-768x1024.jpg\" class=\"attachment-large size-large\" alt=\"\" srcset=\"https:\/\/khaimaitravel.com\/wp-content\/uploads\/2025\/04\/z6465218181436_f445e1cf52617f96c5bc94e3219517e2-768x1024.jpg 768w, https:\/\/khaimaitravel.com\/wp-content\/uploads\/2025\/04\/z6465218181436_f445e1cf52617f96c5bc94e3219517e2-225x300.jpg 225w, https:\/\/khaimaitravel.com\/wp-content\/uploads\/2025\/04\/z6465218181436_f445e1cf52617f96c5bc94e3219517e2-1152x1536.jpg 1152w, https:\/\/khaimaitravel.com\/wp-content\/uploads\/2025\/04\/z6465218181436_f445e1cf52617f96c5bc94e3219517e2.jpg 1536w\" sizes=\"(max-width: 768px) 100vw, 768px\" \/>\t\t\t\t\t\t\n\t\t\t\t\t<\/div>\n\t\t\t\t\t\t\t\t\n<style>\n#image_2054972842 {\n  width: 100%;\n}\n<\/style>\n\t<\/div>\n\t\n     <\/div>\n\n     <div class=\"loading-spin dark large centered\"><\/div>\n\n\t<\/div>\n\n\n\t\t<\/div>\n\t\t\t\t\t<\/div>\n\n\t\n\n\t<div id=\"col-1552832251\" class=\"col medium-6 small-12 large-6\"  >\n\t\t\t\t<div class=\"col-inner\"  >\n\t\t\t\n\t\t\t\n<p style=\"padding-left: 40px;\"><span style=\"color: #f0d37f; font-size: 150%;\"><strong>KHAI MAI COFFEE<\/strong><\/span><\/p>\n<p style=\"padding-left: 40px;\"><span style=\"color: #ffffff;\">\u2022 Ph\u1ee5c v\u1ee5 ch\u00ednh :<\/span><\/p>\n<p style=\"padding-left: 80px;\"><span style=\"color: #ffffff;\">\u00bb T\u1ed5 ch\u1ee9c\u00a0 : Team Building, Gala Diner, \u0110\u1ed1t l\u1eeda tr\u1ea1i.<\/span><\/p>\n<p style=\"padding-left: 80px;\"><span style=\"color: #ffffff;\">\u00bb \u0102n u\u1ed1ng\u00a0 : Tr\u00e0 s\u1eefa, c\u00e0 ph\u00ea, sinh t\u1ed1, \u0111\u1ed3 \u0103n nh\u1eb9..vv.vv<\/span><\/p>\n<p style=\"padding-left: 80px;\"><span style=\"color: #ffffff;\">\u00bb D\u1ecbch v\u1ee5\u00a0 \u00a0: Thu\u00ea phao, t\u1eafm tr\u00e1ng<\/span><\/p>\n<p style=\"padding-left: 80px;\"><span style=\"color: #ffffff;\">\u00bb Th\u1ec3 thao : B\u00f3ng chuy\u1ec1n b\u00e3i bi\u1ec3n.<\/span><\/p>\n<p>\u00a0<\/p>\n<p>\u00a0<\/p>\n<a href=\"tel:0366133198\" class=\"button primary is-gloss is-large box-shadow-4\"  style=\"padding:0px 7px 0px 7px;\">\n\t<i class=\"icon-phone\" aria-hidden=\"true\" ><\/i>\t<span>Li\u00ean h\u1ec7..<\/span>\n\t<\/a>\n\n\t\t<\/div>\n\t\t\t\t\t<\/div>\n\n\t\n\n<style>\n#row-92308383 > .col > .col-inner {\n  background-color: rgb(10, 75, 99);\n}\n<\/style>\n<\/div>\n\t\t<\/div>\n\n\t\t\n<style>\n#section_1296364823 {\n  padding-top: 30px;\n  padding-bottom: 30px;\n  background-color: rgb(255,255,255);\n}\n<\/style>\n\t<\/section>\n\t\n<div class=\"row row-small align-center\"  id=\"row-1187239628\">\n\n\t<div id=\"col-1043226921\" class=\"col small-12 large-12\"  >\n\t\t\t\t<div class=\"col-inner text-center text-shadow-1\"  >\n\t\t\t\n\t\t\t\n<a href=\"https:\/\/khaimaitravel.com\/index.php\/2022\/01\/25\/nha-hang-khai-mai-o-dau-va-co-nhung-gi\/\" class=\"button primary is-outline is-large box-shadow-4\"  >\n\t\t<span>\u0110\u1eccC TH\u00caM<\/span>\n\t<\/a>\n\n\t\t<\/div>\n\t\t\t\t\t<\/div>\n\n\t\n\n<style>\n#row-1187239628 > .col > .col-inner {\n  background-color: rgb(255, 255, 255);\n}\n<\/style>\n<\/div>\n","protected":false},"excerpt":{"rendered":"","protected":false},"author":1,"featured_media":1871,"parent":0,"menu_order":0,"comment_status":"closed","ping_status":"closed","template":"page-blank.php","meta":{"footnotes":""},"_links":{"self":[{"href":"https:\/\/khaimaitravel.com\/index.php\/wp-json\/wp\/v2\/pages\/1162"}],"collection":[{"href":"https:\/\/khaimaitravel.com\/index.php\/wp-json\/wp\/v2\/pages"}],"about":[{"href":"https:\/\/khaimaitravel.com\/index.php\/wp-json\/wp\/v2\/types\/page"}],"author":[{"embeddable":true,"href":"https:\/\/khaimaitravel.com\/index.php\/wp-json\/wp\/v2\/users\/1"}],"replies":[{"embeddable":true,"href":"https:\/\/khaimaitravel.com\/index.php\/wp-json\/wp\/v2\/comments?post=1162"}],"version-history":[{"count":51,"href":"https:\/\/khaimaitravel.com\/index.php\/wp-json\/wp\/v2\/pages\/1162\/revisions"}],"predecessor-version":[{"id":2262,"href":"https:\/\/khaimaitravel.com\/index.php\/wp-json\/wp\/v2\/pages\/1162\/revisions\/2262"}],"wp:featuredmedia":[{"embeddable":true,"href":"https:\/\/khaimaitravel.com\/index.php\/wp-json\/wp\/v2\/media\/1871"}],"wp:attachment":[{"href":"https:\/\/khaimaitravel.com\/index.php\/wp-json\/wp\/v2\/media?parent=1162"}],"curies":[{"name":"wp","href":"https:\/\/api.w.org\/{rel}","templated":true}]}}